



{"id":5919,"date":"2025-08-20T12:04:52","date_gmt":"2025-08-20T04:04:52","guid":{"rendered":"https:\/\/www.test01.pw\/?page_id=5919"},"modified":"2025-10-20T16:02:00","modified_gmt":"2025-10-20T08:02:00","slug":"privacy-policy","status":"publish","type":"page","link":"https:\/\/www.hbotsale.com\/fr\/privacy-policy\/","title":{"rendered":"Politique de confidentialit\u00e9"},"content":{"rendered":"<section class=\"wp-block-themepark-block-themepark-area block_layout thempark-block PcOnly\" id=\"\" style=\"padding-top:100px;\" data-swiper-parallax=\"-700\"><div class=\"block_layout_in\" style=\"\">\n<div class=\"wp-block-column block_layout_in is-layout-flow wp-block-column-is-layout-flow\">\n<div class=\"wp-block-themepark-block-themepark-wright content-super-p\" style=\"font-size:13px;line-height:23px;padding:10px 10px;\">\n<div class=\"wp-block-column is-layout-flow wp-block-column-is-layout-flow\">\n<p>Politique de confidentialit\u00e9 de MACY-PAN<\/p>\n\n\n\n<p>1. Introduction<\/p>\n\n\n\n<p>Chez MACY-PAN, nous nous engageons \u00e0 prot\u00e9ger votre vie priv\u00e9e et \u00e0 vous offrir une exp\u00e9rience en ligne s\u00fbre. La pr\u00e9sente politique de confidentialit\u00e9 s'applique aux donn\u00e9es collect\u00e9es par MACY-PAN par le biais de son site web et de ses services connexes (les \"services\").<\/p>\n\n\n\n<p>2. Quelles sont les informations que nous recueillons ?<\/p>\n\n\n\n<p>Nous recueillons deux types d'informations :<br>- Informations personnelles : il s'agit de toute information pouvant \u00eatre utilis\u00e9e pour vous identifier personnellement, telle que votre nom, votre adresse, votre adresse \u00e9lectronique ou votre num\u00e9ro de t\u00e9l\u00e9phone.<br>- Informations non personnelles : il s'agit d'informations qui, en soi, ne permettent pas de vous identifier, telles que votre type de navigateur, l'URL du site web pr\u00e9c\u00e9dent que vous avez visit\u00e9, votre adresse IP et d'autres informations relatives \u00e0 l'utilisation.<\/p>\n\n\n\n<p>3. Comment nous collectons les informations<\/p>\n\n\n\n<p>Nous recueillons des informations de la mani\u00e8re suivante :<br>- Directement aupr\u00e8s de vous : lorsque vous nous fournissez des informations, par exemple lorsque vous cr\u00e9ez un compte, effectuez un achat ou vous inscrivez \u00e0 notre bulletin d'information.<br>- Automatiquement : Lorsque vous naviguez dans nos services, nous pouvons collecter automatiquement des informations sur votre appareil et vos activit\u00e9s.<\/p>\n\n\n\n<p>4. Comment nous utilisons vos informations<\/p>\n\n\n\n<p>Nous utilisons les informations que nous recueillons \u00e0 plusieurs fins, notamment :<br>- Fournir des produits et des services : Pour traiter les transactions et vous fournir les services que vous demandez.<br>- Am\u00e9liorer nos services : Comprendre comment vous utilisez nos services afin d'am\u00e9liorer votre exp\u00e9rience et nos offres.<br>- Pour communiquer avec vous : pour r\u00e9pondre \u00e0 vos demandes, vous fournir des mises \u00e0 jour et vous offrir une assistance.<\/p>\n\n\n\n<p>5. Partage d'informations<\/p>\n\n\n\n<p>Nous ne partageons pas vos informations personnelles avec des tiers \u00e0 des fins de marketing. Cependant, nous pouvons partager vos informations avec<br>- Prestataires de services : pour nous aider \u00e0 fournir nos services, tels que le traitement des paiements et l'assistance \u00e0 la client\u00e8le.<br>- Exigences l\u00e9gales : Se conformer \u00e0 la loi, appliquer nos politiques ou prot\u00e9ger nos droits, nos biens ou notre s\u00e9curit\u00e9.<\/p>\n\n\n\n<p>6. S\u00e9curit\u00e9 des donn\u00e9es<\/p>\n\n\n\n<p>Nous mettons en \u0153uvre une s\u00e9rie de mesures de s\u00e9curit\u00e9 pour pr\u00e9server la s\u00e9curit\u00e9 de vos informations personnelles lorsque vous les saisissez, les soumettez ou y acc\u00e9dez. Toutefois, aucune m\u00e9thode de transmission sur l'internet ou de stockage \u00e9lectronique n'est 100% s\u00fbre. Bien que nous nous efforcions d'utiliser des moyens commercialement acceptables pour prot\u00e9ger vos informations personnelles, nous ne pouvons pas garantir leur s\u00e9curit\u00e9 absolue.<\/p>\n\n\n\n<p>7. Vos droits<\/p>\n\n\n\n<p>Vous avez le droit d'acc\u00e9der \u00e0 vos informations personnelles, de les mettre \u00e0 jour et d'en corriger les inexactitudes. Vous pouvez acc\u00e9der \u00e0 vos informations personnelles et les mettre \u00e0 jour en nous contactant \u00e0 [ins\u00e9rer l'adresse \u00e9lectronique ou le lien du formulaire de contact].<\/p>\n\n\n\n<p>8. Vie priv\u00e9e des enfants<\/p>\n\n\n\n<p>Nos services ne sont pas destin\u00e9s aux enfants de moins de 13 ans. Nous ne collectons pas sciemment d'informations personnelles aupr\u00e8s d'enfants de moins de 13 ans. Si nous apprenons qu'un enfant de moins de 13 ans nous a fourni des informations personnelles, nous prenons des mesures pour supprimer ces informations et fermer le compte de l'enfant.<\/p>\n\n\n\n<p>9. Modifications de la pr\u00e9sente politique de protection de la vie priv\u00e9e<\/p>\n\n\n\n<p>Nous pouvons mettre \u00e0 jour la pr\u00e9sente politique de confidentialit\u00e9 de temps \u00e0 autre. Si nous apportons des modifications importantes, nous vous en informerons en publiant la nouvelle politique de confidentialit\u00e9 sur nos services et en mettant \u00e0 jour la date de \"derni\u00e8re mise \u00e0 jour\" ci-dessus.<\/p>\n\n\n\n<p>10. Informations sur les contacts<\/p>\n\n\n\n<p>Si vous avez des questions ou des pr\u00e9occupations concernant nos pratiques en mati\u00e8re de protection de la vie priv\u00e9e ou la pr\u00e9sente politique de confidentialit\u00e9, veuillez nous contacter \u00e0 l'adresse suivante&nbsp;<a href=\"https:\/\/www.hbotsale.com\/fr\/contact-us\/\">contact@macypan.com<\/a>.<\/p>\n\n\n\n<p>-<\/p>\n\n\n\n<p>N'oubliez pas de consulter un professionnel du droit pour vous assurer que la politique de confidentialit\u00e9 est conforme aux lois et r\u00e9glementations locales, telles que le R\u00e8glement g\u00e9n\u00e9ral sur la protection des donn\u00e9es (RGPD) si vous op\u00e9rez ou avez des utilisateurs dans l'Union europ\u00e9enne, et pour adapter la politique aux besoins et pratiques sp\u00e9cifiques de la marque MACY-PAN.<\/p>\n<\/div>\n<\/div>\n<\/div>\n<\/div><div class=\"layout_badh\"><\/div><\/section>\n\n\n\n<section class=\"wp-block-themepark-block-themepark-area block_layout thempark-block MovePnly\" id=\"\" style=\"padding-top:20px;\" data-swiper-parallax=\"-700\"><div class=\"block_layout_in\" style=\"\">\n<div class=\"wp-block-column block_layout_in is-layout-flow wp-block-column-is-layout-flow\">\n<div class=\"wp-block-themepark-block-themepark-wright content-super-p\" style=\"font-size:13px;line-height:23px;padding:10px 10px;\">\n<div class=\"wp-block-column is-layout-flow wp-block-column-is-layout-flow\">\n<p>Politique de confidentialit\u00e9 de MACY-PAN<\/p>\n\n\n\n<p>1. Introduction<\/p>\n\n\n\n<p>Chez MACY-PAN, nous nous engageons \u00e0 prot\u00e9ger votre vie priv\u00e9e et \u00e0 vous offrir une exp\u00e9rience en ligne s\u00fbre. La pr\u00e9sente politique de confidentialit\u00e9 s'applique aux donn\u00e9es collect\u00e9es par MACY-PAN par le biais de son site web et de ses services connexes (les \"services\").<\/p>\n\n\n\n<p>2. Quelles sont les informations que nous recueillons ?<\/p>\n\n\n\n<p>Nous recueillons deux types d'informations :<br>- Informations personnelles : il s'agit de toute information pouvant \u00eatre utilis\u00e9e pour vous identifier personnellement, telle que votre nom, votre adresse, votre adresse \u00e9lectronique ou votre num\u00e9ro de t\u00e9l\u00e9phone.<br>- Informations non personnelles : il s'agit d'informations qui, en soi, ne permettent pas de vous identifier, telles que votre type de navigateur, l'URL du site web pr\u00e9c\u00e9dent que vous avez visit\u00e9, votre adresse IP et d'autres informations relatives \u00e0 l'utilisation.<\/p>\n\n\n\n<p>3. Comment nous collectons les informations<\/p>\n\n\n\n<p>Nous recueillons des informations de la mani\u00e8re suivante :<br>- Directement aupr\u00e8s de vous : lorsque vous nous fournissez des informations, par exemple lorsque vous cr\u00e9ez un compte, effectuez un achat ou vous inscrivez \u00e0 notre bulletin d'information.<br>- Automatiquement : Lorsque vous naviguez dans nos services, nous pouvons collecter automatiquement des informations sur votre appareil et vos activit\u00e9s.<\/p>\n\n\n\n<p>4. Comment nous utilisons vos informations<\/p>\n\n\n\n<p>Nous utilisons les informations que nous recueillons \u00e0 plusieurs fins, notamment :<br>- Fournir des produits et des services : Pour traiter les transactions et vous fournir les services que vous demandez.<br>- Am\u00e9liorer nos services : Comprendre comment vous utilisez nos services afin d'am\u00e9liorer votre exp\u00e9rience et nos offres.<br>- Pour communiquer avec vous : pour r\u00e9pondre \u00e0 vos demandes, vous fournir des mises \u00e0 jour et vous offrir une assistance.<\/p>\n\n\n\n<p>5. Partage d'informations<\/p>\n\n\n\n<p>Nous ne partageons pas vos informations personnelles avec des tiers \u00e0 des fins de marketing. Cependant, nous pouvons partager vos informations avec<br>- Prestataires de services : pour nous aider \u00e0 fournir nos services, tels que le traitement des paiements et l'assistance \u00e0 la client\u00e8le.<br>- Exigences l\u00e9gales : Se conformer \u00e0 la loi, appliquer nos politiques ou prot\u00e9ger nos droits, nos biens ou notre s\u00e9curit\u00e9.<\/p>\n\n\n\n<p>6. S\u00e9curit\u00e9 des donn\u00e9es<\/p>\n\n\n\n<p>Nous mettons en \u0153uvre une s\u00e9rie de mesures de s\u00e9curit\u00e9 pour pr\u00e9server la s\u00e9curit\u00e9 de vos informations personnelles lorsque vous les saisissez, les soumettez ou y acc\u00e9dez. Toutefois, aucune m\u00e9thode de transmission sur l'internet ou de stockage \u00e9lectronique n'est 100% s\u00fbre. Bien que nous nous efforcions d'utiliser des moyens commercialement acceptables pour prot\u00e9ger vos informations personnelles, nous ne pouvons pas garantir leur s\u00e9curit\u00e9 absolue.<\/p>\n\n\n\n<p>7. Vos droits<\/p>\n\n\n\n<p>Vous avez le droit d'acc\u00e9der \u00e0 vos informations personnelles, de les mettre \u00e0 jour et d'en corriger les inexactitudes. Vous pouvez acc\u00e9der \u00e0 vos informations personnelles et les mettre \u00e0 jour en nous contactant \u00e0 [ins\u00e9rer l'adresse \u00e9lectronique ou le lien du formulaire de contact].<\/p>\n\n\n\n<p>8. Vie priv\u00e9e des enfants<\/p>\n\n\n\n<p>Nos services ne sont pas destin\u00e9s aux enfants de moins de 13 ans. Nous ne collectons pas sciemment d'informations personnelles aupr\u00e8s d'enfants de moins de 13 ans. Si nous apprenons qu'un enfant de moins de 13 ans nous a fourni des informations personnelles, nous prenons des mesures pour supprimer ces informations et fermer le compte de l'enfant.<\/p>\n\n\n\n<p>9. Modifications de la pr\u00e9sente politique de protection de la vie priv\u00e9e<\/p>\n\n\n\n<p>Nous pouvons mettre \u00e0 jour la pr\u00e9sente politique de confidentialit\u00e9 de temps \u00e0 autre. Si nous apportons des modifications importantes, nous vous en informerons en publiant la nouvelle politique de confidentialit\u00e9 sur nos services et en mettant \u00e0 jour la date de \"derni\u00e8re mise \u00e0 jour\" ci-dessus.<\/p>\n\n\n\n<p>10. Informations sur les contacts<\/p>\n\n\n\n<p>Si vous avez des questions ou des pr\u00e9occupations concernant nos pratiques en mati\u00e8re de protection de la vie priv\u00e9e ou la pr\u00e9sente politique de confidentialit\u00e9, veuillez nous contacter \u00e0 l'adresse suivante&nbsp;<a href=\"https:\/\/www.hbotsale.com\/fr\/contact-us\/\">contact@macypan.com<\/a>.<\/p>\n\n\n\n<p>-<\/p>\n\n\n\n<p>N'oubliez pas de consulter un professionnel du droit pour vous assurer que la politique de confidentialit\u00e9 est conforme aux lois et r\u00e9glementations locales, telles que le R\u00e8glement g\u00e9n\u00e9ral sur la protection des donn\u00e9es (RGPD) si vous op\u00e9rez ou avez des utilisateurs dans l'Union europ\u00e9enne, et pour adapter la politique aux besoins et pratiques sp\u00e9cifiques de la marque MACY-PAN.<\/p>\n<\/div>\n<\/div>\n<\/div>\n<\/div><div class=\"layout_badh\"><\/div><\/section>","protected":false},"excerpt":{"rendered":"","protected":false},"author":1,"featured_media":0,"parent":0,"menu_order":0,"comment_status":"open","ping_status":"closed","template":"","meta":{"_acf_changed":false,"themepark_post_bcolor":"#f5f5f5","themepark_post_width":"100%","themepark_post_img":"","themepark_post_img_po":"left","themepark_post_img_re":false,"themepark_post_img_cover":false,"themepark_post_img_fixed":false,"themepark_post_hide_title":true,"themepark_post_main_b":"","themepark_post_main_p":100,"themepark_paddingblock":true,"footnotes":""},"class_list":["post-5919","page","type-page","status-publish","hentry"],"acf":[],"_links":{"self":[{"href":"https:\/\/www.hbotsale.com\/fr\/wp-json\/wp\/v2\/pages\/5919","targetHints":{"allow":["GET"]}}],"collection":[{"href":"https:\/\/www.hbotsale.com\/fr\/wp-json\/wp\/v2\/pages"}],"about":[{"href":"https:\/\/www.hbotsale.com\/fr\/wp-json\/wp\/v2\/types\/page"}],"author":[{"embeddable":true,"href":"https:\/\/www.hbotsale.com\/fr\/wp-json\/wp\/v2\/users\/1"}],"replies":[{"embeddable":true,"href":"https:\/\/www.hbotsale.com\/fr\/wp-json\/wp\/v2\/comments?post=5919"}],"version-history":[{"count":3,"href":"https:\/\/www.hbotsale.com\/fr\/wp-json\/wp\/v2\/pages\/5919\/revisions"}],"predecessor-version":[{"id":5933,"href":"https:\/\/www.hbotsale.com\/fr\/wp-json\/wp\/v2\/pages\/5919\/revisions\/5933"}],"wp:attachment":[{"href":"https:\/\/www.hbotsale.com\/fr\/wp-json\/wp\/v2\/media?parent=5919"}],"curies":[{"name":"wp","href":"https:\/\/api.w.org\/{rel}","templated":true}]}}