



{"id":5916,"date":"2025-08-20T11:55:53","date_gmt":"2025-08-20T03:55:53","guid":{"rendered":"https:\/\/www.test01.pw\/?page_id=5916"},"modified":"2026-02-12T11:57:48","modified_gmt":"2026-02-12T03:57:48","slug":"success","status":"publish","type":"page","link":"https:\/\/www.hbotsale.com\/fr\/success\/","title":{"rendered":"succ\u00e8s"},"content":{"rendered":"<section class=\"wp-block-themepark-block-themepark-area block_layout thempark-block PcOnly\" id=\"\" style=\"background-color:#ffffff;padding-bottom:43px;padding-top:100px;\" data-swiper-parallax=\"-700\"><div class=\"block_layout_in\" style=\"\">\n<div class=\"wp-block-column block_layout_in is-layout-flow wp-block-column-is-layout-flow\">\n<div style=\"height:0px\" aria-hidden=\"true\" class=\"wp-block-spacer\"><\/div>\n\n\n<div class=\"wp-block-image\">\n<figure class=\"aligncenter size-full\"><img loading=\"lazy\" decoding=\"async\" width=\"512\" height=\"512\" src=\"https:\/\/www.hbotsale.com\/wp-content\/uploads\/2026\/02\/checkmark.png\" alt=\"\" class=\"wp-image-7927\" srcset=\"https:\/\/www.hbotsale.com\/wp-content\/uploads\/2026\/02\/checkmark.png 512w, https:\/\/www.hbotsale.com\/wp-content\/uploads\/2026\/02\/checkmark-300x300.png 300w, https:\/\/www.hbotsale.com\/wp-content\/uploads\/2026\/02\/checkmark-150x150.png 150w, https:\/\/www.hbotsale.com\/wp-content\/uploads\/2026\/02\/checkmark-12x12.png 12w\" sizes=\"auto, (max-width: 512px) 100vw, 512px\" \/><\/figure>\n<\/div>\n\n\n<div class=\"wp-block-themepark-block-themepark-wright content-super-p\" style=\"font-size:18px;line-height:24px;color:#9d9d9d;padding:32px 10px;\">\n<div class=\"wp-block-column is-layout-flow wp-block-column-is-layout-flow\">\n<p class=\"has-text-align-center has-text-color has-link-color wp-elements-9145767748735d65fc563ccb36640fa6\" style=\"color:#505050;font-size:34px\"><strong>Merci de votre attention !<\/strong><\/p>\n\n\n\n<div style=\"height:20px\" aria-hidden=\"true\" class=\"wp-block-spacer\"><\/div>\n\n\n\n<p class=\"has-text-align-center\">Votre demande a \u00e9t\u00e9 envoy\u00e9e.<\/p>\n<\/div>\n<\/div>\n\n\n\n<div style=\"height:1px\" aria-hidden=\"true\" class=\"wp-block-spacer\"><\/div>\n\n\n\n<div class=\"wp-block-themepark-block-btn themepark-i-btn-out\" style=\"text-align:center;padding-top:13px;\"><div class=\"themepark-i-btn-out_ins\" style=\"\"><div class=\"themepark-i-btn-out_in\"><div class=\"themepark-i-btn\" style=\"color:#626262;font-size:16px;border:solid 1px #b1b1b1;border-radius:10px;padding:8px 29px;\"><a href=\"https:\/\/www.hbotsale.com\/fr\/\" rel=\"noopener noreferrer \">Page d'accueil<\/a><a class=\"hovers\" data-title=\"Home Page\" style=\"color:#666666;background-color:#f1f1f1;padding:8px 29px;border-radius:10px;\" href=\"https:\/\/www.hbotsale.com\/fr\/\" rel=\"noopener noreferrer\" target=\"_self\"><\/a><\/div><\/div><\/div><\/div>\n<\/div>\n<\/div><div class=\"layout_badh\"><\/div><\/section>\n\n\n\n<section class=\"wp-block-themepark-block-themepark-area block_layout thempark-block MovePnly\" id=\"\" style=\"background-color:#ffffff;padding-bottom:43px;padding-top:100px;\" data-swiper-parallax=\"-700\"><div class=\"block_layout_in\" style=\"\">\n<div class=\"wp-block-column block_layout_in is-layout-flow wp-block-column-is-layout-flow\">\n<div style=\"height:0px\" aria-hidden=\"true\" class=\"wp-block-spacer\"><\/div>\n\n\n<div class=\"wp-block-image\">\n<figure class=\"aligncenter size-full\"><img loading=\"lazy\" decoding=\"async\" width=\"512\" height=\"512\" src=\"https:\/\/www.hbotsale.com\/wp-content\/uploads\/2026\/02\/checkmark.png\" alt=\"\" class=\"wp-image-7927\" srcset=\"https:\/\/www.hbotsale.com\/wp-content\/uploads\/2026\/02\/checkmark.png 512w, https:\/\/www.hbotsale.com\/wp-content\/uploads\/2026\/02\/checkmark-300x300.png 300w, https:\/\/www.hbotsale.com\/wp-content\/uploads\/2026\/02\/checkmark-150x150.png 150w, https:\/\/www.hbotsale.com\/wp-content\/uploads\/2026\/02\/checkmark-12x12.png 12w\" sizes=\"auto, (max-width: 512px) 100vw, 512px\" \/><\/figure>\n<\/div>\n\n\n<div class=\"wp-block-themepark-block-themepark-wright content-super-p\" style=\"font-size:18px;line-height:24px;color:#9d9d9d;padding:32px 10px;\">\n<div class=\"wp-block-column is-layout-flow wp-block-column-is-layout-flow\">\n<p class=\"has-text-align-center has-text-color has-link-color wp-elements-9145767748735d65fc563ccb36640fa6\" style=\"color:#505050;font-size:34px\"><strong>Merci de votre attention !<\/strong><\/p>\n\n\n\n<div style=\"height:20px\" aria-hidden=\"true\" class=\"wp-block-spacer\"><\/div>\n\n\n\n<p class=\"has-text-align-center\">Votre demande a \u00e9t\u00e9 envoy\u00e9e.<\/p>\n<\/div>\n<\/div>\n\n\n\n<div style=\"height:1px\" aria-hidden=\"true\" class=\"wp-block-spacer\"><\/div>\n\n\n\n<div class=\"wp-block-themepark-block-btn themepark-i-btn-out\" style=\"text-align:center;padding-top:13px;\"><div class=\"themepark-i-btn-out_ins\" style=\"\"><div class=\"themepark-i-btn-out_in\"><div class=\"themepark-i-btn\" style=\"color:#626262;font-size:16px;border:solid 1px #b1b1b1;border-radius:10px;padding:8px 29px;\"><a href=\"https:\/\/www.hbotsale.com\/fr\/\" rel=\"noopener noreferrer \">Page d'accueil<\/a><a class=\"hovers\" data-title=\"Home Page\" style=\"color:#666666;background-color:#f1f1f1;padding:8px 29px;border-radius:10px;\" href=\"https:\/\/www.hbotsale.com\/fr\/\" rel=\"noopener noreferrer\" target=\"_self\"><\/a><\/div><\/div><\/div><\/div>\n<\/div>\n<\/div><div class=\"layout_badh\"><\/div><\/section>","protected":false},"excerpt":{"rendered":"","protected":false},"author":1,"featured_media":0,"parent":0,"menu_order":0,"comment_status":"open","ping_status":"closed","template":"","meta":{"_acf_changed":false,"themepark_post_bcolor":"#ffffff","themepark_post_width":"100%","themepark_post_img":"","themepark_post_img_po":"left","themepark_post_img_re":false,"themepark_post_img_cover":false,"themepark_post_img_fixed":false,"themepark_post_hide_title":true,"themepark_post_main_b":"","themepark_post_main_p":100,"themepark_paddingblock":true,"footnotes":""},"class_list":["post-5916","page","type-page","status-publish","hentry"],"acf":[],"_links":{"self":[{"href":"https:\/\/www.hbotsale.com\/fr\/wp-json\/wp\/v2\/pages\/5916","targetHints":{"allow":["GET"]}}],"collection":[{"href":"https:\/\/www.hbotsale.com\/fr\/wp-json\/wp\/v2\/pages"}],"about":[{"href":"https:\/\/www.hbotsale.com\/fr\/wp-json\/wp\/v2\/types\/page"}],"author":[{"embeddable":true,"href":"https:\/\/www.hbotsale.com\/fr\/wp-json\/wp\/v2\/users\/1"}],"replies":[{"embeddable":true,"href":"https:\/\/www.hbotsale.com\/fr\/wp-json\/wp\/v2\/comments?post=5916"}],"version-history":[{"count":4,"href":"https:\/\/www.hbotsale.com\/fr\/wp-json\/wp\/v2\/pages\/5916\/revisions"}],"predecessor-version":[{"id":7928,"href":"https:\/\/www.hbotsale.com\/fr\/wp-json\/wp\/v2\/pages\/5916\/revisions\/7928"}],"wp:attachment":[{"href":"https:\/\/www.hbotsale.com\/fr\/wp-json\/wp\/v2\/media?parent=5916"}],"curies":[{"name":"wp","href":"https:\/\/api.w.org\/{rel}","templated":true}]}}