



{"id":5919,"date":"2025-08-20T12:04:52","date_gmt":"2025-08-20T04:04:52","guid":{"rendered":"https:\/\/www.test01.pw\/?page_id=5919"},"modified":"2025-10-20T16:02:00","modified_gmt":"2025-10-20T08:02:00","slug":"privacy-policy","status":"publish","type":"page","link":"https:\/\/www.hbotsale.com\/es\/privacy-policy\/","title":{"rendered":"Pol\u00edtica de privacidad"},"content":{"rendered":"<section class=\"wp-block-themepark-block-themepark-area block_layout thempark-block PcOnly\" id=\"\" style=\"padding-top:100px;\" data-swiper-parallax=\"-700\"><div class=\"block_layout_in\" style=\"\">\n<div class=\"wp-block-column block_layout_in is-layout-flow wp-block-column-is-layout-flow\">\n<div class=\"wp-block-themepark-block-themepark-wright content-super-p\" style=\"font-size:13px;line-height:23px;padding:10px 10px;\">\n<div class=\"wp-block-column is-layout-flow wp-block-column-is-layout-flow\">\n<p>Pol\u00edtica de privacidad de MACY-PAN<\/p>\n\n\n\n<p>1. Introducci\u00f3n<\/p>\n\n\n\n<p>En MACY-PAN, nos comprometemos a proteger su privacidad y a proporcionarle una experiencia en l\u00ednea segura. Esta Pol\u00edtica de Privacidad se aplica a los datos recogidos por MACY-PAN a trav\u00e9s de su sitio web y servicios relacionados (los \"Servicios\").<\/p>\n\n\n\n<p>2. Qu\u00e9 informaci\u00f3n recopilamos<\/p>\n\n\n\n<p>Recogemos dos tipos de informaci\u00f3n:<br>- Informaci\u00f3n personal : Incluye cualquier informaci\u00f3n que pueda utilizarse para identificarle personalmente, como su nombre, direcci\u00f3n, direcci\u00f3n de correo electr\u00f3nico o n\u00famero de tel\u00e9fono.<br>- Informaci\u00f3n no personal : Incluye informaci\u00f3n que, por s\u00ed misma, no le identifica, como su tipo de navegador, la URL del sitio web anterior que visit\u00f3, su direcci\u00f3n IP y otra informaci\u00f3n de uso.<\/p>\n\n\n\n<p>3. C\u00f3mo recopilamos la informaci\u00f3n<\/p>\n\n\n\n<p>Recogemos informaci\u00f3n de las siguientes maneras:<br>- Directamente de usted : Cuando usted nos proporciona informaci\u00f3n, como cuando crea una cuenta, realiza una compra o se suscribe a nuestro bolet\u00edn de noticias.<br>- Autom\u00e1ticamente : Al navegar por nuestros Servicios, podemos recopilar autom\u00e1ticamente informaci\u00f3n sobre su dispositivo y sus actividades.<\/p>\n\n\n\n<p>4. C\u00f3mo utilizamos su informaci\u00f3n<\/p>\n\n\n\n<p>Utilizamos la informaci\u00f3n que recopilamos para varios fines, entre ellos:<br>- Proporcionar productos y servicios: Para procesar transacciones y prestarle los Servicios que solicite.<br>- Para mejorar nuestros servicios: Para entender c\u00f3mo utiliza nuestros Servicios para mejorar su experiencia y mejorar nuestras ofertas.<br>- Para comunicarnos con usted: para responder a sus preguntas, proporcionarle informaci\u00f3n actualizada y ofrecerle asistencia.<\/p>\n\n\n\n<p>5. 5. Intercambio de informaci\u00f3n<\/p>\n\n\n\n<p>No compartimos su informaci\u00f3n personal con terceros para sus fines comerciales. Sin embargo, podemos compartir su informaci\u00f3n con:<br>- Proveedores de servicios : Para ayudarnos a prestar nuestros Servicios, como el procesamiento de pagos y la atenci\u00f3n al cliente.<br>- Requisitos legales : Para cumplir la ley, hacer cumplir nuestras pol\u00edticas o proteger nuestros derechos, propiedad o seguridad.<\/p>\n\n\n\n<p>6. Seguridad de los datos<\/p>\n\n\n\n<p>Ponemos en pr\u00e1ctica una serie de medidas de seguridad para mantener la seguridad de su Informaci\u00f3n Personal cuando usted introduce, env\u00eda o accede a su Informaci\u00f3n Personal. Sin embargo, ning\u00fan m\u00e9todo de transmisi\u00f3n por Internet o de almacenamiento electr\u00f3nico es 100% seguro. Aunque nos esforzamos por utilizar medios comercialmente aceptables para proteger sus Datos Personales, no podemos garantizar su absoluta seguridad.<\/p>\n\n\n\n<p>7. Sus derechos<\/p>\n\n\n\n<p>Tiene derecho a acceder a sus Datos Personales, actualizarlos y corregir cualquier inexactitud. Puede acceder a su Informaci\u00f3n Personal y actualizarla poni\u00e9ndose en contacto con nosotros en [insertar direcci\u00f3n de correo electr\u00f3nico o enlace al formulario de contacto].<\/p>\n\n\n\n<p>8. Privacidad infantil<\/p>\n\n\n\n<p>Nuestros Servicios no est\u00e1n dirigidos a ni\u00f1os menores de 13 a\u00f1os. No recopilamos conscientemente Datos Personales de ni\u00f1os menores de 13 a\u00f1os. Si tenemos conocimiento de que un ni\u00f1o menor de 13 a\u00f1os nos ha proporcionado Informaci\u00f3n Personal, tomamos medidas para eliminar dicha informaci\u00f3n y cancelar la cuenta del ni\u00f1o.<\/p>\n\n\n\n<p>9. Cambios en esta pol\u00edtica de privacidad<\/p>\n\n\n\n<p>Podemos actualizar esta Pol\u00edtica de Privacidad de vez en cuando. Si realizamos alg\u00fan cambio sustancial, se lo notificaremos publicando la nueva Pol\u00edtica de Privacidad en nuestros Servicios y actualizando la fecha de \"\u00daltima actualizaci\u00f3n\" anterior.<\/p>\n\n\n\n<p>10. Informaci\u00f3n de contacto<\/p>\n\n\n\n<p>Si tiene alguna pregunta o duda sobre nuestras pr\u00e1cticas de privacidad o esta Pol\u00edtica de Privacidad, p\u00f3ngase en contacto con nosotros en&nbsp;<a href=\"https:\/\/www.hbotsale.com\/es\/contact-us\/\">contact@macypan.com<\/a>.<\/p>\n\n\n\n<p>-<\/p>\n\n\n\n<p>Recuerde consultar con un profesional legal para asegurarse de que la Pol\u00edtica de Privacidad cumple con las leyes y normativas locales, como el Reglamento General de Protecci\u00f3n de Datos (GDPR) si opera o tiene usuarios en la Uni\u00f3n Europea, y para adaptar la pol\u00edtica a las necesidades y pr\u00e1cticas espec\u00edficas de la marca MACY-PAN.<\/p>\n<\/div>\n<\/div>\n<\/div>\n<\/div><div class=\"layout_badh\"><\/div><\/section>\n\n\n\n<section class=\"wp-block-themepark-block-themepark-area block_layout thempark-block MovePnly\" id=\"\" style=\"padding-top:20px;\" data-swiper-parallax=\"-700\"><div class=\"block_layout_in\" style=\"\">\n<div class=\"wp-block-column block_layout_in is-layout-flow wp-block-column-is-layout-flow\">\n<div class=\"wp-block-themepark-block-themepark-wright content-super-p\" style=\"font-size:13px;line-height:23px;padding:10px 10px;\">\n<div class=\"wp-block-column is-layout-flow wp-block-column-is-layout-flow\">\n<p>Pol\u00edtica de privacidad de MACY-PAN<\/p>\n\n\n\n<p>1. Introducci\u00f3n<\/p>\n\n\n\n<p>En MACY-PAN, nos comprometemos a proteger su privacidad y a proporcionarle una experiencia en l\u00ednea segura. Esta Pol\u00edtica de Privacidad se aplica a los datos recogidos por MACY-PAN a trav\u00e9s de su sitio web y servicios relacionados (los \"Servicios\").<\/p>\n\n\n\n<p>2. Qu\u00e9 informaci\u00f3n recopilamos<\/p>\n\n\n\n<p>Recogemos dos tipos de informaci\u00f3n:<br>- Informaci\u00f3n personal : Incluye cualquier informaci\u00f3n que pueda utilizarse para identificarle personalmente, como su nombre, direcci\u00f3n, direcci\u00f3n de correo electr\u00f3nico o n\u00famero de tel\u00e9fono.<br>- Informaci\u00f3n no personal : Incluye informaci\u00f3n que, por s\u00ed misma, no le identifica, como su tipo de navegador, la URL del sitio web anterior que visit\u00f3, su direcci\u00f3n IP y otra informaci\u00f3n de uso.<\/p>\n\n\n\n<p>3. C\u00f3mo recopilamos la informaci\u00f3n<\/p>\n\n\n\n<p>Recogemos informaci\u00f3n de las siguientes maneras:<br>- Directamente de usted : Cuando usted nos proporciona informaci\u00f3n, como cuando crea una cuenta, realiza una compra o se suscribe a nuestro bolet\u00edn de noticias.<br>- Autom\u00e1ticamente : Al navegar por nuestros Servicios, podemos recopilar autom\u00e1ticamente informaci\u00f3n sobre su dispositivo y sus actividades.<\/p>\n\n\n\n<p>4. C\u00f3mo utilizamos su informaci\u00f3n<\/p>\n\n\n\n<p>Utilizamos la informaci\u00f3n que recopilamos para varios fines, entre ellos:<br>- Proporcionar productos y servicios: Para procesar transacciones y prestarle los Servicios que solicite.<br>- Para mejorar nuestros servicios: Para entender c\u00f3mo utiliza nuestros Servicios para mejorar su experiencia y mejorar nuestras ofertas.<br>- Para comunicarnos con usted: para responder a sus preguntas, proporcionarle informaci\u00f3n actualizada y ofrecerle asistencia.<\/p>\n\n\n\n<p>5. 5. Intercambio de informaci\u00f3n<\/p>\n\n\n\n<p>No compartimos su informaci\u00f3n personal con terceros para sus fines comerciales. Sin embargo, podemos compartir su informaci\u00f3n con:<br>- Proveedores de servicios : Para ayudarnos a prestar nuestros Servicios, como el procesamiento de pagos y la atenci\u00f3n al cliente.<br>- Requisitos legales : Para cumplir la ley, hacer cumplir nuestras pol\u00edticas o proteger nuestros derechos, propiedad o seguridad.<\/p>\n\n\n\n<p>6. Seguridad de los datos<\/p>\n\n\n\n<p>Ponemos en pr\u00e1ctica una serie de medidas de seguridad para mantener la seguridad de su Informaci\u00f3n Personal cuando usted introduce, env\u00eda o accede a su Informaci\u00f3n Personal. Sin embargo, ning\u00fan m\u00e9todo de transmisi\u00f3n por Internet o de almacenamiento electr\u00f3nico es 100% seguro. Aunque nos esforzamos por utilizar medios comercialmente aceptables para proteger sus Datos Personales, no podemos garantizar su absoluta seguridad.<\/p>\n\n\n\n<p>7. Sus derechos<\/p>\n\n\n\n<p>Tiene derecho a acceder a sus Datos Personales, actualizarlos y corregir cualquier inexactitud. Puede acceder a su Informaci\u00f3n Personal y actualizarla poni\u00e9ndose en contacto con nosotros en [insertar direcci\u00f3n de correo electr\u00f3nico o enlace al formulario de contacto].<\/p>\n\n\n\n<p>8. Privacidad infantil<\/p>\n\n\n\n<p>Nuestros Servicios no est\u00e1n dirigidos a ni\u00f1os menores de 13 a\u00f1os. No recopilamos conscientemente Datos Personales de ni\u00f1os menores de 13 a\u00f1os. Si tenemos conocimiento de que un ni\u00f1o menor de 13 a\u00f1os nos ha proporcionado Informaci\u00f3n Personal, tomamos medidas para eliminar dicha informaci\u00f3n y cancelar la cuenta del ni\u00f1o.<\/p>\n\n\n\n<p>9. Cambios en esta pol\u00edtica de privacidad<\/p>\n\n\n\n<p>Podemos actualizar esta Pol\u00edtica de Privacidad de vez en cuando. Si realizamos alg\u00fan cambio sustancial, se lo notificaremos publicando la nueva Pol\u00edtica de Privacidad en nuestros Servicios y actualizando la fecha de \"\u00daltima actualizaci\u00f3n\" anterior.<\/p>\n\n\n\n<p>10. Informaci\u00f3n de contacto<\/p>\n\n\n\n<p>Si tiene alguna pregunta o duda sobre nuestras pr\u00e1cticas de privacidad o esta Pol\u00edtica de Privacidad, p\u00f3ngase en contacto con nosotros en&nbsp;<a href=\"https:\/\/www.hbotsale.com\/es\/contact-us\/\">contact@macypan.com<\/a>.<\/p>\n\n\n\n<p>-<\/p>\n\n\n\n<p>Recuerde consultar con un profesional legal para asegurarse de que la Pol\u00edtica de Privacidad cumple con las leyes y normativas locales, como el Reglamento General de Protecci\u00f3n de Datos (GDPR) si opera o tiene usuarios en la Uni\u00f3n Europea, y para adaptar la pol\u00edtica a las necesidades y pr\u00e1cticas espec\u00edficas de la marca MACY-PAN.<\/p>\n<\/div>\n<\/div>\n<\/div>\n<\/div><div class=\"layout_badh\"><\/div><\/section>","protected":false},"excerpt":{"rendered":"","protected":false},"author":1,"featured_media":0,"parent":0,"menu_order":0,"comment_status":"open","ping_status":"closed","template":"","meta":{"_acf_changed":false,"themepark_post_bcolor":"#f5f5f5","themepark_post_width":"100%","themepark_post_img":"","themepark_post_img_po":"left","themepark_post_img_re":false,"themepark_post_img_cover":false,"themepark_post_img_fixed":false,"themepark_post_hide_title":true,"themepark_post_main_b":"","themepark_post_main_p":100,"themepark_paddingblock":true,"footnotes":""},"class_list":["post-5919","page","type-page","status-publish","hentry"],"acf":[],"_links":{"self":[{"href":"https:\/\/www.hbotsale.com\/es\/wp-json\/wp\/v2\/pages\/5919","targetHints":{"allow":["GET"]}}],"collection":[{"href":"https:\/\/www.hbotsale.com\/es\/wp-json\/wp\/v2\/pages"}],"about":[{"href":"https:\/\/www.hbotsale.com\/es\/wp-json\/wp\/v2\/types\/page"}],"author":[{"embeddable":true,"href":"https:\/\/www.hbotsale.com\/es\/wp-json\/wp\/v2\/users\/1"}],"replies":[{"embeddable":true,"href":"https:\/\/www.hbotsale.com\/es\/wp-json\/wp\/v2\/comments?post=5919"}],"version-history":[{"count":3,"href":"https:\/\/www.hbotsale.com\/es\/wp-json\/wp\/v2\/pages\/5919\/revisions"}],"predecessor-version":[{"id":5933,"href":"https:\/\/www.hbotsale.com\/es\/wp-json\/wp\/v2\/pages\/5919\/revisions\/5933"}],"wp:attachment":[{"href":"https:\/\/www.hbotsale.com\/es\/wp-json\/wp\/v2\/media?parent=5919"}],"curies":[{"name":"wp","href":"https:\/\/api.w.org\/{rel}","templated":true}]}}