



{"id":5919,"date":"2025-08-20T12:04:52","date_gmt":"2025-08-20T04:04:52","guid":{"rendered":"https:\/\/www.test01.pw\/?page_id=5919"},"modified":"2025-10-20T16:02:00","modified_gmt":"2025-10-20T08:02:00","slug":"privacy-policy","status":"publish","type":"page","link":"https:\/\/www.hbotsale.com\/de\/privacy-policy\/","title":{"rendered":"Datenschutzbestimmungen"},"content":{"rendered":"<section class=\"wp-block-themepark-block-themepark-area block_layout thempark-block PcOnly\" id=\"\" style=\"padding-top:100px;\" data-swiper-parallax=\"-700\"><div class=\"block_layout_in\" style=\"\">\n<div class=\"wp-block-column block_layout_in is-layout-flow wp-block-column-is-layout-flow\">\n<div class=\"wp-block-themepark-block-themepark-wright content-super-p\" style=\"font-size:13px;line-height:23px;padding:10px 10px;\">\n<div class=\"wp-block-column is-layout-flow wp-block-column-is-layout-flow\">\n<p>MACY-PAN Datenschutzbestimmungen<\/p>\n\n\n\n<p>1. Einleitung<\/p>\n\n\n\n<p>Wir bei MACY-PAN verpflichten uns, Ihre Privatsph\u00e4re zu sch\u00fctzen und Ihnen ein sicheres Online-Erlebnis zu bieten. Diese Datenschutzrichtlinie gilt f\u00fcr Daten, die MACY-PAN \u00fcber seine Website und die damit verbundenen Dienste (die \"Dienste\") erfasst.<\/p>\n\n\n\n<p>2. Welche Informationen wir sammeln<\/p>\n\n\n\n<p>Wir sammeln zwei Arten von Informationen:<br>- Pers\u00f6nliche Daten: Dazu geh\u00f6ren alle Informationen, die dazu verwendet werden k\u00f6nnen, Sie pers\u00f6nlich zu identifizieren, wie z. B. Ihr Name, Ihre Adresse, Ihre E-Mail-Adresse oder Ihre Telefonnummer.<br>- Nicht-personenbezogene Daten: Dazu geh\u00f6ren Informationen, die f\u00fcr sich genommen keine R\u00fcckschl\u00fcsse auf Ihre Identit\u00e4t zulassen, wie z. B. Ihr Browsertyp, die URL der zuvor besuchten Website, Ihre IP-Adresse und andere Nutzungsdaten.<\/p>\n\n\n\n<p>3. Wie wir Informationen sammeln<\/p>\n\n\n\n<p>Wir sammeln Informationen auf folgende Weise:<br>- Direkt von Ihnen: Wenn Sie uns Informationen zur Verf\u00fcgung stellen, z. B. wenn Sie ein Konto anlegen, einen Kauf t\u00e4tigen oder sich f\u00fcr unseren Newsletter anmelden.<br>- Automatisch: Wenn Sie durch unsere Dienste navigieren, k\u00f6nnen wir automatisch Informationen \u00fcber Ihr Ger\u00e4t und Ihre Aktivit\u00e4ten erfassen.<\/p>\n\n\n\n<p>4. Wie wir Ihre Informationen verwenden<\/p>\n\n\n\n<p>Wir verwenden die von uns gesammelten Informationen f\u00fcr verschiedene Zwecke, unter anderem:<br>- Zur Bereitstellung von Produkten und Dienstleistungen: Um Transaktionen zu verarbeiten und Ihnen die von Ihnen angeforderten Dienstleistungen zur Verf\u00fcgung zu stellen.<br>- Um unsere Dienste zu verbessern: Um zu verstehen, wie Sie unsere Dienste nutzen, um Ihre Erfahrung zu verbessern und unsere Angebote zu optimieren.<br>- Um mit Ihnen zu kommunizieren: Um auf Ihre Anfragen zu antworten, Sie mit Updates zu versorgen und Unterst\u00fctzung anzubieten.<\/p>\n\n\n\n<p>5. Weitergabe von Informationen<\/p>\n\n\n\n<p>Wir geben Ihre pers\u00f6nlichen Daten nicht an Dritte zu deren Marketingzwecken weiter. Wir k\u00f6nnen Ihre Informationen jedoch weitergeben an:<br>- Dienstleister: Um uns bei der Erbringung unserer Dienstleistungen zu unterst\u00fctzen, z. B. bei der Zahlungsabwicklung und beim Kundensupport.<br>- Gesetzliche Anforderungen: Zur Einhaltung von Gesetzen, zur Durchsetzung unserer Richtlinien oder zum Schutz unserer Rechte, unseres Eigentums oder unserer Sicherheit.<\/p>\n\n\n\n<p>6. Datensicherheit<\/p>\n\n\n\n<p>Wir setzen eine Reihe von Sicherheitsma\u00dfnahmen ein, um die Sicherheit Ihrer pers\u00f6nlichen Daten zu gew\u00e4hrleisten, wenn Sie Ihre pers\u00f6nlichen Daten eingeben, \u00fcbermitteln oder darauf zugreifen. Jedoch ist keine Methode der \u00dcbertragung \u00fcber das Internet oder eine Methode der elektronischen Speicherung 100% sicher. Obwohl wir uns bem\u00fchen, Ihre pers\u00f6nlichen Daten mit kommerziell akzeptablen Mitteln zu sch\u00fctzen, k\u00f6nnen wir ihre absolute Sicherheit nicht garantieren.<\/p>\n\n\n\n<p>7. Deine Rechte<\/p>\n\n\n\n<p>Sie haben das Recht, auf Ihre pers\u00f6nlichen Daten zuzugreifen, sie zu aktualisieren und Ungenauigkeiten zu korrigieren. Sie k\u00f6nnen auf Ihre personenbezogenen Daten zugreifen und sie aktualisieren, indem Sie uns unter [E-Mail-Adresse oder Link zum Kontaktformular einf\u00fcgen] kontaktieren.<\/p>\n\n\n\n<p>8. Privatsph\u00e4re der Kinder<\/p>\n\n\n\n<p>Unsere Dienste richten sich nicht an Kinder unter 13 Jahren. Wir sammeln nicht wissentlich pers\u00f6nliche Daten von Kindern unter 13 Jahren. Wenn wir erfahren, dass ein Kind unter 13 Jahren uns pers\u00f6nliche Daten zur Verf\u00fcgung gestellt hat, ergreifen wir Ma\u00dfnahmen, um diese Daten zu entfernen und das Konto des Kindes zu l\u00f6schen.<\/p>\n\n\n\n<p>9. \u00c4nderungen an dieser Datenschutzrichtlinie<\/p>\n\n\n\n<p>Wir k\u00f6nnen diese Datenschutzrichtlinie von Zeit zu Zeit aktualisieren. Wenn wir wesentliche \u00c4nderungen vornehmen, werden wir Sie benachrichtigen, indem wir die neue Datenschutzrichtlinie auf unseren Diensten ver\u00f6ffentlichen und das Datum \"Letzte Aktualisierung\" oben aktualisieren.<\/p>\n\n\n\n<p>10. Kontaktinformationen<\/p>\n\n\n\n<p>Wenn Sie Fragen oder Bedenken bez\u00fcglich unserer Datenschutzpraktiken oder dieser Datenschutzrichtlinie haben, kontaktieren Sie uns bitte unter&nbsp;<a href=\"https:\/\/www.hbotsale.com\/de\/contact-us\/\">contact@macypan.com<\/a>.<\/p>\n\n\n\n<p>-<\/p>\n\n\n\n<p>Denken Sie daran, sich von einem Juristen beraten zu lassen, um sicherzustellen, dass die Datenschutzrichtlinien mit den lokalen Gesetzen und Vorschriften \u00fcbereinstimmen, wie z.B. der Allgemeinen Datenschutzverordnung (GDPR), wenn Sie in der Europ\u00e4ischen Union t\u00e4tig sind oder Nutzer in der Europ\u00e4ischen Union haben, und um die Richtlinien an die spezifischen Bed\u00fcrfnisse und Praktiken der Marke MACY-PAN anzupassen.<\/p>\n<\/div>\n<\/div>\n<\/div>\n<\/div><div class=\"layout_badh\"><\/div><\/section>\n\n\n\n<section class=\"wp-block-themepark-block-themepark-area block_layout thempark-block MovePnly\" id=\"\" style=\"padding-top:20px;\" data-swiper-parallax=\"-700\"><div class=\"block_layout_in\" style=\"\">\n<div class=\"wp-block-column block_layout_in is-layout-flow wp-block-column-is-layout-flow\">\n<div class=\"wp-block-themepark-block-themepark-wright content-super-p\" style=\"font-size:13px;line-height:23px;padding:10px 10px;\">\n<div class=\"wp-block-column is-layout-flow wp-block-column-is-layout-flow\">\n<p>MACY-PAN Datenschutzbestimmungen<\/p>\n\n\n\n<p>1. Einleitung<\/p>\n\n\n\n<p>Wir bei MACY-PAN verpflichten uns, Ihre Privatsph\u00e4re zu sch\u00fctzen und Ihnen ein sicheres Online-Erlebnis zu bieten. Diese Datenschutzrichtlinie gilt f\u00fcr Daten, die MACY-PAN \u00fcber seine Website und die damit verbundenen Dienste (die \"Dienste\") erfasst.<\/p>\n\n\n\n<p>2. Welche Informationen wir sammeln<\/p>\n\n\n\n<p>Wir sammeln zwei Arten von Informationen:<br>- Pers\u00f6nliche Daten: Dazu geh\u00f6ren alle Informationen, die dazu verwendet werden k\u00f6nnen, Sie pers\u00f6nlich zu identifizieren, wie z. B. Ihr Name, Ihre Adresse, Ihre E-Mail-Adresse oder Ihre Telefonnummer.<br>- Nicht-personenbezogene Daten: Dazu geh\u00f6ren Informationen, die f\u00fcr sich genommen keine R\u00fcckschl\u00fcsse auf Ihre Identit\u00e4t zulassen, wie z. B. Ihr Browsertyp, die URL der zuvor besuchten Website, Ihre IP-Adresse und andere Nutzungsdaten.<\/p>\n\n\n\n<p>3. Wie wir Informationen sammeln<\/p>\n\n\n\n<p>Wir sammeln Informationen auf folgende Weise:<br>- Direkt von Ihnen: Wenn Sie uns Informationen zur Verf\u00fcgung stellen, z. B. wenn Sie ein Konto anlegen, einen Kauf t\u00e4tigen oder sich f\u00fcr unseren Newsletter anmelden.<br>- Automatisch: Wenn Sie durch unsere Dienste navigieren, k\u00f6nnen wir automatisch Informationen \u00fcber Ihr Ger\u00e4t und Ihre Aktivit\u00e4ten erfassen.<\/p>\n\n\n\n<p>4. Wie wir Ihre Informationen verwenden<\/p>\n\n\n\n<p>Wir verwenden die von uns gesammelten Informationen f\u00fcr verschiedene Zwecke, unter anderem:<br>- Zur Bereitstellung von Produkten und Dienstleistungen: Um Transaktionen zu verarbeiten und Ihnen die von Ihnen angeforderten Dienstleistungen zur Verf\u00fcgung zu stellen.<br>- Um unsere Dienste zu verbessern: Um zu verstehen, wie Sie unsere Dienste nutzen, um Ihre Erfahrung zu verbessern und unsere Angebote zu optimieren.<br>- Um mit Ihnen zu kommunizieren: Um auf Ihre Anfragen zu antworten, Sie mit Updates zu versorgen und Unterst\u00fctzung anzubieten.<\/p>\n\n\n\n<p>5. Weitergabe von Informationen<\/p>\n\n\n\n<p>Wir geben Ihre pers\u00f6nlichen Daten nicht an Dritte zu deren Marketingzwecken weiter. Wir k\u00f6nnen Ihre Informationen jedoch weitergeben an:<br>- Dienstleister: Um uns bei der Erbringung unserer Dienstleistungen zu unterst\u00fctzen, z. B. bei der Zahlungsabwicklung und beim Kundensupport.<br>- Gesetzliche Anforderungen: Zur Einhaltung von Gesetzen, zur Durchsetzung unserer Richtlinien oder zum Schutz unserer Rechte, unseres Eigentums oder unserer Sicherheit.<\/p>\n\n\n\n<p>6. Datensicherheit<\/p>\n\n\n\n<p>Wir setzen eine Reihe von Sicherheitsma\u00dfnahmen ein, um die Sicherheit Ihrer pers\u00f6nlichen Daten zu gew\u00e4hrleisten, wenn Sie Ihre pers\u00f6nlichen Daten eingeben, \u00fcbermitteln oder darauf zugreifen. Jedoch ist keine Methode der \u00dcbertragung \u00fcber das Internet oder eine Methode der elektronischen Speicherung 100% sicher. Obwohl wir uns bem\u00fchen, Ihre pers\u00f6nlichen Daten mit kommerziell akzeptablen Mitteln zu sch\u00fctzen, k\u00f6nnen wir ihre absolute Sicherheit nicht garantieren.<\/p>\n\n\n\n<p>7. Deine Rechte<\/p>\n\n\n\n<p>Sie haben das Recht, auf Ihre pers\u00f6nlichen Daten zuzugreifen, sie zu aktualisieren und Ungenauigkeiten zu korrigieren. Sie k\u00f6nnen auf Ihre personenbezogenen Daten zugreifen und sie aktualisieren, indem Sie uns unter [E-Mail-Adresse oder Link zum Kontaktformular einf\u00fcgen] kontaktieren.<\/p>\n\n\n\n<p>8. Privatsph\u00e4re der Kinder<\/p>\n\n\n\n<p>Unsere Dienste richten sich nicht an Kinder unter 13 Jahren. Wir sammeln nicht wissentlich pers\u00f6nliche Daten von Kindern unter 13 Jahren. Wenn wir erfahren, dass ein Kind unter 13 Jahren uns pers\u00f6nliche Daten zur Verf\u00fcgung gestellt hat, ergreifen wir Ma\u00dfnahmen, um diese Daten zu entfernen und das Konto des Kindes zu l\u00f6schen.<\/p>\n\n\n\n<p>9. \u00c4nderungen an dieser Datenschutzrichtlinie<\/p>\n\n\n\n<p>Wir k\u00f6nnen diese Datenschutzrichtlinie von Zeit zu Zeit aktualisieren. Wenn wir wesentliche \u00c4nderungen vornehmen, werden wir Sie benachrichtigen, indem wir die neue Datenschutzrichtlinie auf unseren Diensten ver\u00f6ffentlichen und das Datum \"Letzte Aktualisierung\" oben aktualisieren.<\/p>\n\n\n\n<p>10. Kontaktinformationen<\/p>\n\n\n\n<p>Wenn Sie Fragen oder Bedenken bez\u00fcglich unserer Datenschutzpraktiken oder dieser Datenschutzrichtlinie haben, kontaktieren Sie uns bitte unter&nbsp;<a href=\"https:\/\/www.hbotsale.com\/de\/contact-us\/\">contact@macypan.com<\/a>.<\/p>\n\n\n\n<p>-<\/p>\n\n\n\n<p>Denken Sie daran, sich von einem Juristen beraten zu lassen, um sicherzustellen, dass die Datenschutzrichtlinien mit den lokalen Gesetzen und Vorschriften \u00fcbereinstimmen, wie z.B. der Allgemeinen Datenschutzverordnung (GDPR), wenn Sie in der Europ\u00e4ischen Union t\u00e4tig sind oder Nutzer in der Europ\u00e4ischen Union haben, und um die Richtlinien an die spezifischen Bed\u00fcrfnisse und Praktiken der Marke MACY-PAN anzupassen.<\/p>\n<\/div>\n<\/div>\n<\/div>\n<\/div><div class=\"layout_badh\"><\/div><\/section>","protected":false},"excerpt":{"rendered":"","protected":false},"author":1,"featured_media":0,"parent":0,"menu_order":0,"comment_status":"open","ping_status":"closed","template":"","meta":{"_acf_changed":false,"themepark_post_bcolor":"#f5f5f5","themepark_post_width":"100%","themepark_post_img":"","themepark_post_img_po":"left","themepark_post_img_re":false,"themepark_post_img_cover":false,"themepark_post_img_fixed":false,"themepark_post_hide_title":true,"themepark_post_main_b":"","themepark_post_main_p":100,"themepark_paddingblock":true,"footnotes":""},"class_list":["post-5919","page","type-page","status-publish","hentry"],"acf":[],"_links":{"self":[{"href":"https:\/\/www.hbotsale.com\/de\/wp-json\/wp\/v2\/pages\/5919","targetHints":{"allow":["GET"]}}],"collection":[{"href":"https:\/\/www.hbotsale.com\/de\/wp-json\/wp\/v2\/pages"}],"about":[{"href":"https:\/\/www.hbotsale.com\/de\/wp-json\/wp\/v2\/types\/page"}],"author":[{"embeddable":true,"href":"https:\/\/www.hbotsale.com\/de\/wp-json\/wp\/v2\/users\/1"}],"replies":[{"embeddable":true,"href":"https:\/\/www.hbotsale.com\/de\/wp-json\/wp\/v2\/comments?post=5919"}],"version-history":[{"count":3,"href":"https:\/\/www.hbotsale.com\/de\/wp-json\/wp\/v2\/pages\/5919\/revisions"}],"predecessor-version":[{"id":5933,"href":"https:\/\/www.hbotsale.com\/de\/wp-json\/wp\/v2\/pages\/5919\/revisions\/5933"}],"wp:attachment":[{"href":"https:\/\/www.hbotsale.com\/de\/wp-json\/wp\/v2\/media?parent=5919"}],"curies":[{"name":"wp","href":"https:\/\/api.w.org\/{rel}","templated":true}]}}